{"id":3085,"date":"2018-12-19T21:53:00","date_gmt":"2018-12-19T20:53:00","guid":{"rendered":"https:\/\/www.kanzleifrank.com\/anwaelte\/"},"modified":"2021-11-05T15:16:18","modified_gmt":"2021-11-05T14:16:18","slug":"avukatlar","status":"publish","type":"page","link":"https:\/\/www.kanzleifrank.com\/tr\/avukatlar\/","title":{"rendered":"AVUKATLAR"},"content":{"rendered":"<div id=\"pl-3085\"  class=\"panel-layout\" ><div id=\"pg-3085-0\"  class=\"panel-grid panel-no-style\" ><div id=\"pgc-3085-0-0\"  class=\"panel-grid-cell\" ><div id=\"panel-3085-0-0-0\" class=\"so-panel widget widget_sow-editor panel-first-child panel-last-child\" data-index=\"0\" ><div\n\t\t\t\n\t\t\tclass=\"so-widget-sow-editor so-widget-sow-editor-base\"\n\t\t\t\n\t\t>\n<div class=\"siteorigin-widget-tinymce textwidget\">\n\t<h1 style=\"text-align: center;\">\u0130rtibat<\/h1>\n<p>B\u00fcromuz, yaln\u0131zca aile hukuku ve miras hukuku alan\u0131nda \u00e7al\u0131\u015fan be\u015f avukattan olu\u015fmaktad\u0131r. Bu uzmanl\u0131k ve ola\u011fan\u00fcst\u00fc deneyim, size en iyi yasal sonu\u00e7lar\u0131 garanti eder. Ek olarak, h\u0131zl\u0131 hareket etmeniz gerekiyorsa, pazartesinden per\u015fembeye kadar, saat 09:00 - 19:00 ve Cuma g\u00fcn\u00fc saat 09:00 - 17:00 aras\u0131nda bir avukat her zaman mevcuttur. \u00c7ok az aile veya miras hukuku b\u00fcrosu size bu teklifi sunabilir. <\/p>\n<\/div>\n<\/div><\/div><\/div><\/div><div id=\"pg-3085-1\"  class=\"panel-grid panel-no-style\" ><div id=\"pgc-3085-1-0\"  class=\"panel-grid-cell\" ><div id=\"panel-3085-1-0-0\" class=\"so-panel widget widget_sow-editor panel-first-child panel-last-child\" data-index=\"1\" ><div\n\t\t\t\n\t\t\tclass=\"so-widget-sow-editor so-widget-sow-editor-base\"\n\t\t\t\n\t\t>\n<div class=\"siteorigin-widget-tinymce textwidget\">\n\t    <div class=\"team-frame\">\n      <div class=\"uk-container uk-container-center\">\n        <div class=\"uk-child-width-1-2@m uk-grid-large\" uk-grid uk-height-match=\"target: .panel\">\n                    <div>\n            <div class=\"anwalt-panel uk-text-center\">\n              <div class=\"image-frame round-image\">\n                <img data-src=\"https:\/\/www.kanzleifrank.com\/wp-content\/uploads\/2019\/02\/dr_mario_frank-320x320.jpg\" alt=\"dr_mario_frank\">              <\/div>\n              <div class=\"uk-h2\">Dr. Mario Frank<\/div>\n              <div class=\"upper\">AVUKAT & UZMAN A\u0130LE HUKUKU AVUKATI<\/div>\n              <p><p>Aile hukuku alan\u0131nda uzman bir avukat ve miras avukat\u0131 olarak, aile ve miras hukukunun t\u00fcm alanlar\u0131nda \u00f6zel hukuk bilgisine ve geni\u015f deneyime sahibim. Odak noktam bo\u015fanma ve mal varl\u0131\u011f\u0131 anla\u015fmazl\u0131klar\u0131; uluslararas\u0131 dahil. Miras hukuku davalar\u0131nda da \u00e7ok say\u0131da m\u00fcvekkille ilgileniyorum. Spiegel yay\u0131nc\u0131l\u0131k grubunun eski genel m\u00fcd\u00fcr\u00fc olarak, bu konular i\u00e7in \u00f6zellikle \u00f6nemli olan ekonomik bilgim var.<\/p>\n<\/p>\n              <div class=\"contact-info\">\n                <div>\n                  <a href=\"mailto:frank@kanzleifrank.com\"><i class=\"far fa-envelope uk-margin-small-right\"><\/i><strong>frank<\/strong>@kanzleifrank.com<\/a>\n                <\/div>\n                <div><a href=\"tel:03084422249\"><i class=\"far fa-phone\"><\/i>030 844 222 49<\/a><\/div>\n              <\/div>\n            <\/div>\n          <\/div>\n                    <div>\n            <div class=\"anwalt-panel uk-text-center\">\n              <div class=\"image-frame round-image\">\n                <img data-src=\"https:\/\/www.kanzleifrank.com\/wp-content\/uploads\/2021\/02\/Mergu\u0308n-Portra\u0308t-320x320.jpg\" alt=\"Mergu\u0308n-Portra\u0308t\">              <\/div>\n              <div class=\"uk-h2\">Meral Merg\u00fcn<\/div>\n              <div class=\"upper\">\u00c7ALI\u015eAN AVUKATI<\/div>\n              <p><p>On y\u0131ldan fazla m\u00fcvekkillerim i\u00e7in sadece aile, miras ve sosyal haklar hukuku alanlar\u0131nda \u00e7al\u0131\u015f\u0131yorum. Tecr\u00fcbelerime ve bilgilerime dayanarak, hen\u00fcz \u00fczerinde \u00e7al\u0131\u015fmad\u0131\u011f\u0131m neredeyse hi\u00e7bir sorun yok. M\u00fckemmel T\u00fcrk\u00e7e konu\u015ftu\u011fum i\u00e7in, \u00f6zellikle T\u00fcrk m\u00fcvekkillerine dan\u0131\u015fmanl\u0131k ve temsilcilik yap\u0131yorum. Evliyim ve iki k\u00fc\u00e7\u00fck \u00e7ocu\u011fum var.<\/p>\n<\/p>\n              <div class=\"contact-info\">\n                <div>\n                  <a href=\"mailto:merguen@kanzleifrank.com\"><i class=\"far fa-envelope uk-margin-small-right\"><\/i><strong>merguen<\/strong>@kanzleifrank.com<\/a>\n                <\/div>\n                <div><a href=\"tel:03084422249\"><i class=\"far fa-phone\"><\/i>030 844 222 49<\/a><\/div>\n              <\/div>\n            <\/div>\n          <\/div>\n                    <div>\n            <div class=\"anwalt-panel uk-text-center\">\n              <div class=\"image-frame round-image\">\n                <img data-src=\"https:\/\/www.kanzleifrank.com\/wp-content\/uploads\/2019\/02\/sabine_teubner-320x320.jpg\" alt=\"sabine_teubner\">              <\/div>\n              <div class=\"uk-h2\">Sabine Teubner<\/div>\n              <div class=\"upper\">\u00c7ALI\u015eAN AVUKATI<\/div>\n              <p><p>Ben \u00f6zellikle uluslararas\u0131 davalar da dahil olmak \u00fczere, bo\u015fanma ba\u015fvurular\u0131ndan sorumluyumdur. Buna ek olarak, haciz alan\u0131nda geni\u015f deneyime sahibim.<\/p>\n<\/p>\n              <div class=\"contact-info\">\n                <div>\n                  <a href=\"mailto:teubner@kanzleifrank.com\"><i class=\"far fa-envelope uk-margin-small-right\"><\/i><strong>teubner<\/strong>@kanzleifrank.com<\/a>\n                <\/div>\n                <div><a href=\"tel:03084422249\"><i class=\"far fa-phone\"><\/i>030 844 222 49<\/a><\/div>\n              <\/div>\n            <\/div>\n          <\/div>\n                    <!-- <div>\n            <div class=\"anwalt-panel uk-text-center\">\n              <div class=\"image-frame\">\n                <img decoding=\"async\" class=\"uk-border-circle\" src=\"\" alt=\"\">\n              <\/div>\n              <div class=\"uk-h2\">Dr. Mario Frank<\/div>\n              <p><span class=\"upper\">Rechtsanwalt &amp; Fachanwalt f\u00fcr Familienrecht<\/span><br>\n              Als Rechtsanwalt f\u00fcr Erbrecht berate und vertrete ich Sie in allen erbrechtlich Angelegenheiten, nutzen Sie mein Know-How und meine Erfahrung. Mein besonderes Interesse gilt Erbf\u00e4llen mit Auslandsbezug. Ich berate Privatpersonen ebenso wie Unternehmen <br>und Institutionen.<\/p>\n              <div class=\"contact-info\">\n                <div><a href=\"mailto:frank@kanzleifrank.com\"><i class=\"far fa-envelope\"><\/i> <strong>frank<\/strong>@kanzleifrank.com<\/a><\/div>\n                <div><i class=\"far fa-phone\"><\/i> <strong>030 844 222 49<\/strong><\/div>\n              <\/div>\n            <\/div>\n          <\/div>\n          <div>\n            <div class=\"anwalt-panel uk-text-center\">\n              <div class=\"image-frame\">\n                <img decoding=\"async\" class=\"uk-border-circle\" src=\"\" alt=\"\">\n              <\/div>\n              <div class=\"uk-h2\">Sascha Rosengart<\/div>\n              <p><span class=\"upper\">Rechtsanwalt<\/span><br>\n                 Wenn Sie einen spezialisierten Anwalt ben\u00f6tigen, um Ihr Testament zu errichten oder einen Erbschein ben\u00f6tigen stehe ich Ihnen gerne zur Verf\u00fcgung. Ebenso, wenn f\u00fcr Ihr Erbe ein Testamentsvollstrecker <br>eingesetzt wurde, oder wenn Sie eine <br>Nachfolgeregelung planen.<\/p>\n                <div class=\"contact-info\">\n                <div><a href=\"mailto:rosengart@kanzleifrank.com\"><i class=\"far fa-envelope\"><\/i> <strong>rosengart<\/strong>@kanzleifrank.com<\/a><\/div>\n                <div><i class=\"far fa-phone\"><\/i> <strong>030 844 222 49<\/strong><\/div>\n              <\/div>\n            <\/div>\n          <\/div>\n          <div>\n            <div class=\"anwalt-panel uk-text-center\">\n              <div class=\"image-frame\">\n                <img decoding=\"async\" class=\"uk-border-circle\" src=\"\" alt=\"\">\n              <\/div>\n              <div class=\"uk-h2\">Nicole Timmreck<\/div>\n              <p><span class=\"upper\">Rechtsanwaltfachangestellte<\/span><br>\n              Als ehemalige Hochschulassistentin nehme ich gerne jeden Anruf an und helfe Ihnen wann immer es <br>m\u00f6glich ist.\n                 Seit mehr als zwanzig Jahren <br>betreue ich Mandanten.<\/p>\n                <div class=\"contact-info\">\n                <div><a href=\"mailto:rosengart@kanzleifrank.com\"><i class=\"far fa-envelope\"><\/i> <strong>info<\/strong>@kanzleifrank.com<\/a><\/div>\n                <div><i class=\"far fa-phone\"><\/i> <strong>030 844 222 49<\/strong><\/div>\n              <\/div>\n            <\/div>\n          <\/div> -->\n        <\/div>\n      <\/div>\n    <\/div>\n    \n<\/div>\n<\/div><\/div><\/div><\/div><div id=\"pg-3085-2\"  class=\"panel-grid panel-has-style\" ><div class=\"bg-lightgrey siteorigin-panels-stretch panel-row-style panel-row-style-for-3085-2\" data-stretch-type=\"full\" ><div id=\"pgc-3085-2-0\"  class=\"panel-grid-cell\" ><div id=\"panel-3085-2-0-0\" class=\"so-panel widget widget_sow-editor panel-first-child\" data-index=\"2\" ><div\n\t\t\t\n\t\t\tclass=\"so-widget-sow-editor so-widget-sow-editor-base\"\n\t\t\t\n\t\t>\n<div class=\"siteorigin-widget-tinymce textwidget\">\n\t<h3>Kanzlei Dr. Frank<\/h3>\n<p>Bayerische Stra\u00dfe 31<br \/>\n10707 Berlin-Wilmersdorf<\/p>\n<p><a href=\"tel:03084422249\"><i class=\"fal fa-phone fa-fw uk-margin-right\"><\/i>030 844 222 49<\/a><br \/>\n<a href=\"mailto:frank@kanzleifrank.com\"><i class=\"fal fa-envelope fa-fw uk-margin-right\"><\/i>frank@kanzleifrank.com<\/a><\/p>\n<p>&nbsp;<\/p>\n<\/div>\n<\/div><\/div><div id=\"panel-3085-2-0-1\" class=\"so-panel widget widget_sow-editor panel-last-child\" data-index=\"3\" ><div\n\t\t\t\n\t\t\tclass=\"so-widget-sow-editor so-widget-sow-editor-base\"\n\t\t\t\n\t\t>\n<div class=\"siteorigin-widget-tinymce textwidget\">\n\t\n<div class=\"wpcf7 no-js\" id=\"wpcf7-f3074-o1\" lang=\"de-DE\" dir=\"ltr\" data-wpcf7-id=\"3074\">\n<div class=\"screen-reader-response\"><p role=\"status\" aria-live=\"polite\" aria-atomic=\"true\"><\/p> <ul><\/ul><\/div>\n<form action=\"\/tr\/wp-json\/wp\/v2\/pages\/3085#wpcf7-f3074-o1\" method=\"post\" class=\"wpcf7-form init wpcf7-acceptance-as-validation\" aria-label=\"Kontaktformular\" novalidate=\"novalidate\" data-status=\"init\">\n<fieldset class=\"hidden-fields-container\"><input type=\"hidden\" name=\"_wpcf7\" value=\"3074\" \/><input type=\"hidden\" name=\"_wpcf7_version\" value=\"6.1.5\" \/><input type=\"hidden\" name=\"_wpcf7_locale\" value=\"de_DE\" \/><input type=\"hidden\" name=\"_wpcf7_unit_tag\" value=\"wpcf7-f3074-o1\" \/><input type=\"hidden\" name=\"_wpcf7_container_post\" value=\"0\" \/><input type=\"hidden\" name=\"_wpcf7_posted_data_hash\" value=\"\" \/>\n<\/fieldset>\n<div uk-grid class=\"uk-grid-small\">\n\t<div class=\"uk-width-1-1\">\n\t\t<p><span class=\"wpcf7-form-control-wrap\" data-name=\"fn-name\"><input size=\"40\" maxlength=\"400\" class=\"wpcf7-form-control wpcf7-text wpcf7-validates-as-required uk-input\" aria-required=\"true\" aria-invalid=\"false\" placeholder=\"Isim *\" value=\"\" type=\"text\" name=\"fn-name\" \/><\/span>\n\t\t<\/p>\n\t<\/div>\n\t<div class=\"uk-width-1-1\">\n\t\t<p><span class=\"wpcf7-form-control-wrap\" data-name=\"fn-mail\"><input size=\"40\" maxlength=\"400\" class=\"wpcf7-form-control wpcf7-email wpcf7-validates-as-required wpcf7-text wpcf7-validates-as-email uk-input\" aria-required=\"true\" aria-invalid=\"false\" placeholder=\"E-Mail *\" value=\"\" type=\"email\" name=\"fn-mail\" \/><\/span>\n\t\t<\/p>\n\t<\/div>\n\t<div class=\"uk-width-1-1\">\n\t\t<p><span class=\"wpcf7-form-control-wrap\" data-name=\"fn-message\"><textarea cols=\"40\" rows=\"8\" maxlength=\"2000\" class=\"wpcf7-form-control wpcf7-textarea uk-textarea uk-margin-small-bottom\" aria-invalid=\"false\" placeholder=\"Mesaj\" name=\"fn-message\"><\/textarea><\/span><br \/>\n<span class=\"wpcf7-form-control-wrap\" data-name=\"fn-datenschutz\"><span class=\"wpcf7-form-control wpcf7-acceptance\"><span class=\"wpcf7-list-item\"><label><input type=\"checkbox\" name=\"fn-datenschutz\" value=\"1\" class=\"uk-checkbox\" aria-invalid=\"false\" \/><span class=\"wpcf7-list-item-label\"><a href=\"\/datenschutz\/\">Veri i\u015flemeye onay<\/a>* <i class=\"fal fa-question-circle\" uk-tooltip=\"\u0130leride, frank@kanzleifrank.com adresine e-mail g\u00f6ndererek onay\u0131n\u0131z\u0131 istedi\u011finiz zaman iptal edebilirsiniz.\"><\/i><\/span><\/label><\/span><\/span><\/span><br \/>\n<input class=\"wpcf7-form-control wpcf7-submit has-spinner uk-button uk-button-primary uk-width-1-1 uk-margin-small-top\" type=\"submit\" value=\"G\u00f6nder\" \/>\n\t\t<\/p>\n\t<\/div>\n<\/div><input type='hidden' class='wpcf7-pum' value='{\"closepopup\":false,\"closedelay\":0,\"openpopup\":false,\"openpopup_id\":0}' \/><div class=\"wpcf7-response-output\" aria-hidden=\"true\"><\/div>\n<\/form>\n<\/div>\n<\/div>\n<\/div><\/div><\/div><div id=\"pgc-3085-2-1\"  class=\"panel-grid-cell\" ><div class=\"fn-osm-stretch panel-cell-style panel-cell-style-for-3085-2-1\" ><div id=\"panel-3085-2-1-0\" class=\"widget_text so-panel widget widget_custom_html panel-first-child panel-last-child\" data-index=\"4\" ><div class=\"textwidget custom-html-widget\"><div id=\"wpgmza_map\" class=\"wpgmza_map\" data-settings='{\"id\":\"1\",\"map_title\":\"Standorte Kanzlei Frank\",\"map_width\":\"100\",\"map_height\":\"800\",\"map_start_lat\":\"52.504142553094056\",\"map_start_lng\":\"13.301542874023454\",\"map_start_location\":\"52.443495762981996,13.167646570089987\",\"map_start_zoom\":\"10\",\"default_marker\":\"0\",\"type\":\"1\",\"alignment\":\"4\",\"directions_enabled\":\"1\",\"styling_enabled\":\"0\",\"styling_json\":\"\",\"active\":\"0\",\"kml\":\"\",\"bicycle\":\"0\",\"traffic\":\"0\",\"dbox\":\"1\",\"dbox_width\":\"100\",\"listmarkers\":\"0\",\"listmarkers_advanced\":\"0\",\"filterbycat\":\"0\",\"ugm_enabled\":\"0\",\"ugm_category_enabled\":\"0\",\"fusion\":\"\",\"map_width_type\":\"%\",\"map_height_type\":\"px\",\"mass_marker_support\":\"1\",\"ugm_access\":\"0\",\"order_markers_by\":\"0\",\"order_markers_choice\":\"0\",\"show_user_location\":\"0\",\"default_to\":\"\",\"other_settings\":{\"store_locator_enabled\":false,\"store_locator_distance\":true,\"store_locator_default_radius\":10,\"store_locator_not_found_message\":\"\",\"store_locator_bounce\":1,\"store_locator_query_string\":\"\",\"store_locator_default_address\":\"\",\"wpgmza_store_locator_restrict\":\"\",\"wpgmza_store_locator_radius_style\":\"modern\",\"map_max_zoom\":\"1\",\"transport_layer\":false,\"wpgmza_show_points_of_interest\":0,\"wpgmza_auto_night\":0,\"action\":\"wpgmza_save_map\",\"redirect_to\":\"\\\/wp-admin\\\/admin-post.php\",\"map_id\":\"1\",\"http_referer\":\"\\\/wp-admin\\\/admin.php?page=wp-google-maps-menu&amp;amp;action=edit&amp;amp;map_id=1\",\"wpgmza_id\":\"1\",\"wpgmza_start_location\":\"52.504142553094056,13.301542874023454\",\"wpgmza_start_zoom\":\"12\",\"store_locator_search_area\":\"radial\",\"wpgmza_store_locator_default_radius\":\"10\",\"store_locator_auto_area_max_zoom\":\"\",\"wpgmza_store_locator_position\":false,\"store_locator_show_distance\":false,\"store_locator_category\":false,\"wpgmza_store_locator_use_their_location\":false,\"wpgmza_store_locator_bounce\":false,\"wpgmza_sl_animation\":null,\"wpgmza_store_locator_hide_before_search\":false,\"store_locator_name_search\":false,\"store_locator_name_string\":\"\",\"sl_stroke_color\":\"\",\"sl_stroke_opacity\":\"\",\"sl_fill_color\":\"\",\"sl_fill_opacity\":\"\",\"wpgmza_map_align\":\"1\",\"jump_to_nearest_marker_on_initialization\":false,\"automatically_pan_to_users_location\":false,\"override_users_location_zoom_level\":false,\"override_users_location_zoom_levels\":\"\",\"show_distance_from_location\":false,\"map_min_zoom\":\"0\",\"click_open_link\":false,\"fit_maps_bounds_to_markers\":false,\"fit_maps_bounds_to_markers_after_filtering\":false,\"hide_point_of_interest\":false,\"wpgmza_zoom_on_marker_click\":false,\"wpgmza_zoom_on_marker_click_slider\":\"\",\"close_infowindow_on_map_click\":false,\"disable_lightbox_images\":false,\"use_Raw_Jpeg_Coordinates\":false,\"polygon_labels\":false,\"disable_polygon_info_windows\":false,\"enable_marker_ratings\":false,\"only_load_markers_within_viewport\":false,\"iw_primary_color\":\"#000000\",\"iw_accent_color\":\"#000000\",\"iw_text_color\":\"#000000\",\"wpgmza_listmarkers_by\":\"0\",\"wpgmza_marker_listing_position\":false,\"datatable_no_result_message\":\"\",\"remove_search_box_datables\":false,\"dataTable_pagination_style\":null,\"datatable_search_string\":\"\",\"datatable_result_start\":\"\",\"datatable_result_of\":\"\",\"datatable_result_to\":\"\",\"datatable_result_total\":\"\",\"datatable_result_show\":\"\",\"datatable_result_entries\":\"\",\"wpgmza_savemap\":\"Karte speichern \\u00bb\",\"store_locator_location_placeholder\":\"\",\"enable_marker_labels\":false,\"zoom_level_mobile_override_enabled\":false,\"zoom_level_mobile_override\":\"\",\"zoom_level_on_marker_listing_override\":false,\"zoom_level_on_marker_listing_click\":\"\",\"marker_listing_disable_zoom\":false}}' data-map-id='1' Data-maps-engine='open-layers' data-shortcode-attributes='{\"id\":\"1\"}' style=\"display:block; overflow:auto; width:100%; height:800px; float:left;\"><\/div><\/div><\/div><\/div><\/div><\/div><\/div><\/div>","protected":false},"excerpt":{"rendered":"<p>\u0130rtibat B\u00fcromuz, yaln\u0131zca aile hukuku ve miras hukuku alan\u0131nda \u00e7al\u0131\u015fan be\u015f avukattan olu\u015fmaktad\u0131r. Bu uzmanl\u0131k ve ola\u011fan\u00fcst\u00fc deneyim, size en iyi yasal sonu\u00e7lar\u0131 garanti eder. Ek olarak, h\u0131zl\u0131 hareket etmeniz gerekiyorsa, pazartesinden per\u015fembeye kadar, saat 09:00 &#8211; 19:00 ve Cuma g\u00fcn\u00fc saat 09:00 &#8211; 17:00 aras\u0131nda bir avukat her zaman mevcuttur. \u00c7ok az aile veya&#8230;<\/p>\n","protected":false},"author":2,"featured_media":3089,"parent":0,"menu_order":0,"comment_status":"closed","ping_status":"closed","template":"","meta":{"_acf_changed":false,"footnotes":""},"class_list":["post-3085","page","type-page","status-publish","has-post-thumbnail","hentry"],"acf":[],"yoast_head":"<!-- This site is optimized with the Yoast SEO plugin v26.9 - https:\/\/yoast.com\/product\/yoast-seo-wordpress\/ -->\n<title>Uzman Avukatlar Aile Hukuku Berlin | Hukuk firmas\u0131 Dr. Frank<\/title>\n<meta name=\"description\" content=\"Berlin&#039;deki hukuk b\u00fcromuzdaki avukatlar kendilerini tan\u0131t\u0131yorlar. Aile hukuku ve miras hukuku avukatlar\u0131.\" \/>\n<meta name=\"robots\" content=\"index, follow, max-snippet:-1, max-image-preview:large, max-video-preview:-1\" \/>\n<link rel=\"canonical\" href=\"https:\/\/www.kanzleifrank.com\/tr\/avukatlar\/\" \/>\n<meta property=\"og:locale\" content=\"tr_TR\" \/>\n<meta property=\"og:type\" content=\"article\" \/>\n<meta property=\"og:title\" content=\"Uzman Avukatlar Aile Hukuku Berlin | Hukuk firmas\u0131 Dr. Frank\" \/>\n<meta property=\"og:description\" content=\"Berlin&#039;deki hukuk b\u00fcromuzdaki avukatlar kendilerini tan\u0131t\u0131yorlar. Aile hukuku ve miras hukuku avukatlar\u0131.\" \/>\n<meta property=\"og:url\" content=\"https:\/\/www.kanzleifrank.com\/tr\/avukatlar\/\" \/>\n<meta property=\"og:site_name\" content=\"Kanzlei Dr. Frank Berlin\" \/>\n<meta property=\"article:modified_time\" content=\"2021-11-05T14:16:18+00:00\" \/>\n<meta property=\"og:image\" content=\"https:\/\/www.kanzleifrank.com\/wp-content\/uploads\/2021\/04\/20210323_Header_Anwalt_TR_.jpg\" \/>\n\t<meta property=\"og:image:width\" content=\"1920\" \/>\n\t<meta property=\"og:image:height\" content=\"1280\" \/>\n\t<meta property=\"og:image:type\" content=\"image\/jpeg\" \/>\n<meta name=\"twitter:card\" content=\"summary_large_image\" \/>\n<meta name=\"twitter:label1\" content=\"Tahmini okuma s\u00fcresi\" \/>\n\t<meta name=\"twitter:data1\" content=\"1 dakika\" \/>\n<script type=\"application\/ld+json\" class=\"yoast-schema-graph\">{\"@context\":\"https:\/\/schema.org\",\"@graph\":[{\"@type\":\"WebPage\",\"@id\":\"https:\/\/www.kanzleifrank.com\/tr\/avukatlar\/\",\"url\":\"https:\/\/www.kanzleifrank.com\/tr\/avukatlar\/\",\"name\":\"Uzman Avukatlar Aile Hukuku Berlin | Hukuk firmas\u0131 Dr. Frank\",\"isPartOf\":{\"@id\":\"https:\/\/www.kanzleifrank.com\/#website\"},\"primaryImageOfPage\":{\"@id\":\"https:\/\/www.kanzleifrank.com\/tr\/avukatlar\/#primaryimage\"},\"image\":{\"@id\":\"https:\/\/www.kanzleifrank.com\/tr\/avukatlar\/#primaryimage\"},\"thumbnailUrl\":\"https:\/\/www.kanzleifrank.com\/wp-content\/uploads\/2021\/04\/20210323_Header_Anwalt_TR_.jpg\",\"datePublished\":\"2018-12-19T20:53:00+00:00\",\"dateModified\":\"2021-11-05T14:16:18+00:00\",\"description\":\"Berlin'deki hukuk b\u00fcromuzdaki avukatlar kendilerini tan\u0131t\u0131yorlar. Aile hukuku ve miras hukuku avukatlar\u0131.\",\"breadcrumb\":{\"@id\":\"https:\/\/www.kanzleifrank.com\/tr\/avukatlar\/#breadcrumb\"},\"inLanguage\":\"tr\",\"potentialAction\":[{\"@type\":\"ReadAction\",\"target\":[\"https:\/\/www.kanzleifrank.com\/tr\/avukatlar\/\"]}]},{\"@type\":\"ImageObject\",\"inLanguage\":\"tr\",\"@id\":\"https:\/\/www.kanzleifrank.com\/tr\/avukatlar\/#primaryimage\",\"url\":\"https:\/\/www.kanzleifrank.com\/wp-content\/uploads\/2021\/04\/20210323_Header_Anwalt_TR_.jpg\",\"contentUrl\":\"https:\/\/www.kanzleifrank.com\/wp-content\/uploads\/2021\/04\/20210323_Header_Anwalt_TR_.jpg\",\"width\":1920,\"height\":1280},{\"@type\":\"BreadcrumbList\",\"@id\":\"https:\/\/www.kanzleifrank.com\/tr\/avukatlar\/#breadcrumb\",\"itemListElement\":[{\"@type\":\"ListItem\",\"position\":1,\"name\":\"Startseite\",\"item\":\"https:\/\/www.kanzleifrank.com\/tr\/\"},{\"@type\":\"ListItem\",\"position\":2,\"name\":\"AVUKATLAR\"}]},{\"@type\":\"WebSite\",\"@id\":\"https:\/\/www.kanzleifrank.com\/#website\",\"url\":\"https:\/\/www.kanzleifrank.com\/\",\"name\":\"Kanzlei Dr. Frank Berlin\",\"description\":\"\",\"potentialAction\":[{\"@type\":\"SearchAction\",\"target\":{\"@type\":\"EntryPoint\",\"urlTemplate\":\"https:\/\/www.kanzleifrank.com\/?s={search_term_string}\"},\"query-input\":{\"@type\":\"PropertyValueSpecification\",\"valueRequired\":true,\"valueName\":\"search_term_string\"}}],\"inLanguage\":\"tr\"}]}<\/script>\n<!-- \/ Yoast SEO plugin. -->","yoast_head_json":{"title":"Uzman Avukatlar Aile Hukuku Berlin | Hukuk firmas\u0131 Dr. Frank","description":"Berlin'deki hukuk b\u00fcromuzdaki avukatlar kendilerini tan\u0131t\u0131yorlar. Aile hukuku ve miras hukuku avukatlar\u0131.","robots":{"index":"index","follow":"follow","max-snippet":"max-snippet:-1","max-image-preview":"max-image-preview:large","max-video-preview":"max-video-preview:-1"},"canonical":"https:\/\/www.kanzleifrank.com\/tr\/avukatlar\/","og_locale":"tr_TR","og_type":"article","og_title":"Uzman Avukatlar Aile Hukuku Berlin | Hukuk firmas\u0131 Dr. Frank","og_description":"Berlin'deki hukuk b\u00fcromuzdaki avukatlar kendilerini tan\u0131t\u0131yorlar. Aile hukuku ve miras hukuku avukatlar\u0131.","og_url":"https:\/\/www.kanzleifrank.com\/tr\/avukatlar\/","og_site_name":"Kanzlei Dr. Frank Berlin","article_modified_time":"2021-11-05T14:16:18+00:00","og_image":[{"width":1920,"height":1280,"url":"https:\/\/www.kanzleifrank.com\/wp-content\/uploads\/2021\/04\/20210323_Header_Anwalt_TR_.jpg","type":"image\/jpeg"}],"twitter_card":"summary_large_image","twitter_misc":{"Tahmini okuma s\u00fcresi":"1 dakika"},"schema":{"@context":"https:\/\/schema.org","@graph":[{"@type":"WebPage","@id":"https:\/\/www.kanzleifrank.com\/tr\/avukatlar\/","url":"https:\/\/www.kanzleifrank.com\/tr\/avukatlar\/","name":"Uzman Avukatlar Aile Hukuku Berlin | Hukuk firmas\u0131 Dr. Frank","isPartOf":{"@id":"https:\/\/www.kanzleifrank.com\/#website"},"primaryImageOfPage":{"@id":"https:\/\/www.kanzleifrank.com\/tr\/avukatlar\/#primaryimage"},"image":{"@id":"https:\/\/www.kanzleifrank.com\/tr\/avukatlar\/#primaryimage"},"thumbnailUrl":"https:\/\/www.kanzleifrank.com\/wp-content\/uploads\/2021\/04\/20210323_Header_Anwalt_TR_.jpg","datePublished":"2018-12-19T20:53:00+00:00","dateModified":"2021-11-05T14:16:18+00:00","description":"Berlin'deki hukuk b\u00fcromuzdaki avukatlar kendilerini tan\u0131t\u0131yorlar. Aile hukuku ve miras hukuku avukatlar\u0131.","breadcrumb":{"@id":"https:\/\/www.kanzleifrank.com\/tr\/avukatlar\/#breadcrumb"},"inLanguage":"tr","potentialAction":[{"@type":"ReadAction","target":["https:\/\/www.kanzleifrank.com\/tr\/avukatlar\/"]}]},{"@type":"ImageObject","inLanguage":"tr","@id":"https:\/\/www.kanzleifrank.com\/tr\/avukatlar\/#primaryimage","url":"https:\/\/www.kanzleifrank.com\/wp-content\/uploads\/2021\/04\/20210323_Header_Anwalt_TR_.jpg","contentUrl":"https:\/\/www.kanzleifrank.com\/wp-content\/uploads\/2021\/04\/20210323_Header_Anwalt_TR_.jpg","width":1920,"height":1280},{"@type":"BreadcrumbList","@id":"https:\/\/www.kanzleifrank.com\/tr\/avukatlar\/#breadcrumb","itemListElement":[{"@type":"ListItem","position":1,"name":"Startseite","item":"https:\/\/www.kanzleifrank.com\/tr\/"},{"@type":"ListItem","position":2,"name":"AVUKATLAR"}]},{"@type":"WebSite","@id":"https:\/\/www.kanzleifrank.com\/#website","url":"https:\/\/www.kanzleifrank.com\/","name":"Kanzlei Dr. Frank Berlin","description":"","potentialAction":[{"@type":"SearchAction","target":{"@type":"EntryPoint","urlTemplate":"https:\/\/www.kanzleifrank.com\/?s={search_term_string}"},"query-input":{"@type":"PropertyValueSpecification","valueRequired":true,"valueName":"search_term_string"}}],"inLanguage":"tr"}]}},"_links":{"self":[{"href":"https:\/\/www.kanzleifrank.com\/tr\/wp-json\/wp\/v2\/pages\/3085","targetHints":{"allow":["GET"]}}],"collection":[{"href":"https:\/\/www.kanzleifrank.com\/tr\/wp-json\/wp\/v2\/pages"}],"about":[{"href":"https:\/\/www.kanzleifrank.com\/tr\/wp-json\/wp\/v2\/types\/page"}],"author":[{"embeddable":true,"href":"https:\/\/www.kanzleifrank.com\/tr\/wp-json\/wp\/v2\/users\/2"}],"replies":[{"embeddable":true,"href":"https:\/\/www.kanzleifrank.com\/tr\/wp-json\/wp\/v2\/comments?post=3085"}],"version-history":[{"count":11,"href":"https:\/\/www.kanzleifrank.com\/tr\/wp-json\/wp\/v2\/pages\/3085\/revisions"}],"predecessor-version":[{"id":3521,"href":"https:\/\/www.kanzleifrank.com\/tr\/wp-json\/wp\/v2\/pages\/3085\/revisions\/3521"}],"wp:featuredmedia":[{"embeddable":true,"href":"https:\/\/www.kanzleifrank.com\/tr\/wp-json\/wp\/v2\/media\/3089"}],"wp:attachment":[{"href":"https:\/\/www.kanzleifrank.com\/tr\/wp-json\/wp\/v2\/media?parent=3085"}],"curies":[{"name":"wp","href":"https:\/\/api.w.org\/{rel}","templated":true}]}}